{"id":239,"date":"2023-07-02T16:16:46","date_gmt":"2023-07-02T14:16:46","guid":{"rendered":"https:\/\/vacuum0.wordpress.com\/?page_id=239"},"modified":"2023-07-02T16:16:46","modified_gmt":"2023-07-02T14:16:46","slug":"artykuly","status":"publish","type":"page","link":"http:\/\/vacuum.com.pl\/index.php\/artykuly\/","title":{"rendered":""},"content":{"rendered":"\n<h2 class=\"wp-block-heading has-white-background-color has-text-color has-background\" style=\"color:#0c1966;margin-top:0;margin-bottom:0;padding:0\"><strong>Opakowania na artyku\u0142y przemys\u0142owe i inne asortymenty<\/strong><\/h2>\n\n\n\n<p>W PPH Vacuum specjalizujemy si\u0119 w dostarczaniu r\u00f3\u017cnorodnych opakowa\u0144, kt\u00f3re s\u0105 idealne do przechowywania i transportu artyku\u0142\u00f3w przemys\u0142owych oraz innych produkt\u00f3w. Nasza oferta obejmuje:<\/p>\n\n\n\n<ul class=\"wp-block-list\">\n<li>Woreczki OPP lub PP cast z eurozawieszk\u0105: Oferujemy woreczki z wysokiej jako\u015bci folii OPP lub PP cast, wyposa\u017cone w eurozawieszk\u0119. Te opakowania s\u0105 wyj\u0105tkowo wytrzyma\u0142e i nadaj\u0105 si\u0119 idealnie do pakowania ci\u0119\u017cszych przedmiot\u00f3w. Dzi\u0119ki eurozawieszce s\u0105 \u0142atwe w zawieszeniu i przechowywaniu.<\/li>\n<\/ul>\n\n\n\n<ul class=\"wp-block-list\">\n<li>Worki PP cast lub OPP (proste, z zak\u0142adkami lub ta\u015bm\u0105 samoprzylepn\u0105): Dostarczamy worki z folii PP cast lub OPP w r\u00f3\u017cnych wariantach. Mo\u017cemy zapewni\u0107 worki proste, worki z zak\u0142adkami lub worki z ta\u015bm\u0105 samoprzylepn\u0105. To wszechstronne opakowania, kt\u00f3re doskonale sprawdz\u0105 si\u0119 w pakowaniu r\u00f3\u017cnorodnych artyku\u0142\u00f3w.<\/li>\n<\/ul>\n\n\n\n<ul class=\"wp-block-list\">\n<li>Worki PE: Oferujemy worki z folii PE, kt\u00f3re charakteryzuj\u0105 si\u0119 wysok\u0105 elastyczno\u015bci\u0105 i wytrzyma\u0142o\u015bci\u0105. S\u0105 one idealne do pakowania lekkich i delikatnych przedmiot\u00f3w, zapewniaj\u0105c im odpowiedni\u0105 ochron\u0119.<\/li>\n<\/ul>\n\n\n\n<ul class=\"wp-block-list\">\n<li>Reklam\u00f3wki z folii HDPE lub PE: Dla klient\u00f3w poszukuj\u0105cych opakowa\u0144 reklamowych, proponujemy reklam\u00f3wki z folii HDPE lub PE. Mog\u0105 by\u0107 wykonane z wybranego materia\u0142u i dostosowane do indywidualnych potrzeb. Mo\u017cemy r\u00f3wnie\u017c wykona\u0107 nadruk firmowy na reklam\u00f3wkach, co pozwoli w efektowny spos\u00f3b wyr\u00f3\u017cni\u0107 Pa\u0144stwa mark\u0119 na rynku.<\/li>\n<\/ul>\n\n\n<div class=\"wp-block-image\">\n<figure class=\"aligncenter size-large\"><img loading=\"lazy\" decoding=\"async\" width=\"1296\" height=\"963\" src=\"https:\/\/vacuum0.files.wordpress.com\/2023\/07\/xd.png?w=1024\" alt=\"\" class=\"wp-image-348\" srcset=\"http:\/\/vacuum.com.pl\/wp-content\/uploads\/2023\/07\/xd.png 1296w, http:\/\/vacuum.com.pl\/wp-content\/uploads\/2023\/07\/xd-300x223.png 300w, http:\/\/vacuum.com.pl\/wp-content\/uploads\/2023\/07\/xd-1024x761.png 1024w, http:\/\/vacuum.com.pl\/wp-content\/uploads\/2023\/07\/xd-768x571.png 768w\" sizes=\"auto, (max-width: 1296px) 100vw, 1296px\" \/><\/figure>\n<\/div>\n\n\n<p>Jako dodatkow\u0105 us\u0142ug\u0119, oferujemy wykonanie nadruk\u00f3w firmowych na proponowanych opakowaniach. Dzi\u0119ki temu, b\u0119dziecie Pa\u0144stwo mogli efektownie wyr\u00f3\u017cni\u0107 swoj\u0105 mark\u0119 na rynku. Nasza kompleksowa obs\u0142uga obejmuje przygotowanie projektu graficznego, wykonanie matryc i produkcj\u0119 finalnych opakowa\u0144 z Pa\u0144stwa nadrukiem firmowym.<\/p>\n\n\n\n<p>Zapraszamy do zapoznania si\u0119 z nasz\u0105 pe\u0142n\u0105 ofert\u0105 opakowa\u0144 i mo\u017cliwo\u015bciami personalizacji. Nasi do\u015bwiadczeni specjali\u015bci s\u0105 gotowi s\u0142u\u017cy\u0107 doradztwem i pomoc\u0105 w wyborze odpowiednich rozwi\u0105za\u0144. Skontaktuj si\u0119 z nami ju\u017c dzi\u015b, aby zrealizowa\u0107 efektowne opakowania z unikalnym nadrukiem firmowym, kt\u00f3re b\u0119d\u0105 idealnie reprezentowa\u0107 Pa\u0144stwa mark\u0119.<\/p>\n","protected":false},"excerpt":{"rendered":"<p>Opakowania na artyku\u0142y przemys\u0142owe i inne asortymenty W PPH Vacuum specjalizujemy si\u0119 w dostarczaniu r\u00f3\u017cnorodnych opakowa\u0144, kt\u00f3re s\u0105 idealne do przechowywania i transportu artyku\u0142\u00f3w przemys\u0142owych oraz innych produkt\u00f3w. Nasza oferta obejmuje: Jako dodatkow\u0105 us\u0142ug\u0119, oferujemy wykonanie nadruk\u00f3w firmowych na proponowanych opakowaniach. Dzi\u0119ki temu, b\u0119dziecie Pa\u0144stwo mogli efektownie wyr\u00f3\u017cni\u0107 swoj\u0105 mark\u0119 na rynku. Nasza kompleksowa obs\u0142uga&hellip; <a href=\"http:\/\/vacuum.com.pl\/index.php\/artykuly\/\" class=\"more-link\">Continue reading <span class=\"screen-reader-text\"><\/span><\/a><\/p>\n","protected":false},"author":1,"featured_media":0,"parent":0,"menu_order":0,"comment_status":"closed","ping_status":"closed","template":"","meta":{"footnotes":""},"class_list":["post-239","page","type-page","status-publish","hentry"],"_links":{"self":[{"href":"http:\/\/vacuum.com.pl\/index.php\/wp-json\/wp\/v2\/pages\/239","targetHints":{"allow":["GET"]}}],"collection":[{"href":"http:\/\/vacuum.com.pl\/index.php\/wp-json\/wp\/v2\/pages"}],"about":[{"href":"http:\/\/vacuum.com.pl\/index.php\/wp-json\/wp\/v2\/types\/page"}],"author":[{"embeddable":true,"href":"http:\/\/vacuum.com.pl\/index.php\/wp-json\/wp\/v2\/users\/1"}],"replies":[{"embeddable":true,"href":"http:\/\/vacuum.com.pl\/index.php\/wp-json\/wp\/v2\/comments?post=239"}],"version-history":[{"count":0,"href":"http:\/\/vacuum.com.pl\/index.php\/wp-json\/wp\/v2\/pages\/239\/revisions"}],"wp:attachment":[{"href":"http:\/\/vacuum.com.pl\/index.php\/wp-json\/wp\/v2\/media?parent=239"}],"curies":[{"name":"wp","href":"https:\/\/api.w.org\/{rel}","templated":true}]}}