{"id":15,"date":"2023-07-01T19:27:25","date_gmt":"2023-07-01T17:27:25","guid":{"rendered":"https:\/\/vacuum0.wordpress.com\/home\/"},"modified":"2023-07-03T19:48:08","modified_gmt":"2023-07-03T19:48:08","slug":"home","status":"publish","type":"page","link":"http:\/\/vacuum.com.pl\/","title":{"rendered":""},"content":{"rendered":"\n<h3 class=\"wp-block-heading has-text-align-left has-white-background-color has-text-color has-background\" style=\"color:#0c1966;margin-top:0;margin-bottom:0;padding:0\"><strong>&nbsp; Witamy na stronie g\u0142\u00f3wnej PPH Vacuum!<\/strong><\/h3>\n\n\n\n<div class=\"wp-block-group has-small-font-size is-content-justification-center\" style=\"margin-top:0;margin-bottom:0;padding-top:0px;padding-right:var(--wp--preset--spacing--80);padding-bottom:0px;padding-left:var(--wp--preset--spacing--80)\"><div class=\"wp-block-group__inner-container is-layout-constrained wp-container-core-group-is-layout-086b1ec6 wp-block-group-is-layout-constrained\">\n\n<div class=\"wp-block-group\"><div class=\"wp-block-group__inner-container is-layout-constrained wp-block-group-is-layout-constrained\">\n\n<div class=\"wp-block-jetpack-slideshow alignfull\" data-autoplay=\"true\" data-delay=\"3\" data-effect=\"slide\"><div class=\"wp-block-jetpack-slideshow_container swiper-container\"><ul class=\"wp-block-jetpack-slideshow_swiper-wrapper swiper-wrapper\"><li class=\"wp-block-jetpack-slideshow_slide swiper-slide\"><figure><img loading=\"lazy\" decoding=\"async\" width=\"1448\" height=\"1034\" alt=\"\" class=\"wp-block-jetpack-slideshow_image wp-image-320\" data-id=\"320\" src=\"https:\/\/vacuum0.files.wordpress.com\/2023\/07\/1.png?w=1024\" srcset=\"http:\/\/vacuum.com.pl\/wp-content\/uploads\/2023\/07\/1.png 1448w, http:\/\/vacuum.com.pl\/wp-content\/uploads\/2023\/07\/1-300x214.png 300w, http:\/\/vacuum.com.pl\/wp-content\/uploads\/2023\/07\/1-1024x731.png 1024w, http:\/\/vacuum.com.pl\/wp-content\/uploads\/2023\/07\/1-768x548.png 768w\" sizes=\"auto, (max-width: 1448px) 100vw, 1448px\" \/><\/figure><\/li><li class=\"wp-block-jetpack-slideshow_slide swiper-slide\"><figure><img loading=\"lazy\" decoding=\"async\" width=\"1447\" height=\"1034\" alt=\"\" class=\"wp-block-jetpack-slideshow_image wp-image-321\" data-id=\"321\" src=\"https:\/\/vacuum0.files.wordpress.com\/2023\/07\/2.png?w=1024\" srcset=\"http:\/\/vacuum.com.pl\/wp-content\/uploads\/2023\/07\/2.png 1447w, http:\/\/vacuum.com.pl\/wp-content\/uploads\/2023\/07\/2-300x214.png 300w, http:\/\/vacuum.com.pl\/wp-content\/uploads\/2023\/07\/2-1024x732.png 1024w, http:\/\/vacuum.com.pl\/wp-content\/uploads\/2023\/07\/2-768x549.png 768w\" sizes=\"auto, (max-width: 1447px) 100vw, 1447px\" \/><\/figure><\/li><li class=\"wp-block-jetpack-slideshow_slide swiper-slide\"><figure><img loading=\"lazy\" decoding=\"async\" width=\"1293\" height=\"963\" alt=\"\" class=\"wp-block-jetpack-slideshow_image wp-image-322\" data-id=\"322\" src=\"https:\/\/vacuum0.files.wordpress.com\/2023\/07\/3.png?w=1024\" srcset=\"http:\/\/vacuum.com.pl\/wp-content\/uploads\/2023\/07\/3.png 1293w, http:\/\/vacuum.com.pl\/wp-content\/uploads\/2023\/07\/3-300x223.png 300w, http:\/\/vacuum.com.pl\/wp-content\/uploads\/2023\/07\/3-1024x763.png 1024w, http:\/\/vacuum.com.pl\/wp-content\/uploads\/2023\/07\/3-768x572.png 768w\" sizes=\"auto, (max-width: 1293px) 100vw, 1293px\" \/><\/figure><\/li><li class=\"wp-block-jetpack-slideshow_slide swiper-slide\"><figure><img loading=\"lazy\" decoding=\"async\" width=\"1293\" height=\"963\" alt=\"\" class=\"wp-block-jetpack-slideshow_image wp-image-323\" data-id=\"323\" src=\"https:\/\/vacuum0.files.wordpress.com\/2023\/07\/4.png?w=1024\" srcset=\"http:\/\/vacuum.com.pl\/wp-content\/uploads\/2023\/07\/4.png 1293w, http:\/\/vacuum.com.pl\/wp-content\/uploads\/2023\/07\/4-300x223.png 300w, http:\/\/vacuum.com.pl\/wp-content\/uploads\/2023\/07\/4-1024x763.png 1024w, http:\/\/vacuum.com.pl\/wp-content\/uploads\/2023\/07\/4-768x572.png 768w\" sizes=\"auto, (max-width: 1293px) 100vw, 1293px\" \/><\/figure><\/li><li class=\"wp-block-jetpack-slideshow_slide swiper-slide\"><figure><img loading=\"lazy\" decoding=\"async\" width=\"1293\" height=\"963\" alt=\"\" class=\"wp-block-jetpack-slideshow_image wp-image-324\" data-id=\"324\" src=\"https:\/\/vacuum0.files.wordpress.com\/2023\/07\/5.png?w=1024\" srcset=\"http:\/\/vacuum.com.pl\/wp-content\/uploads\/2023\/07\/5.png 1293w, http:\/\/vacuum.com.pl\/wp-content\/uploads\/2023\/07\/5-300x223.png 300w, http:\/\/vacuum.com.pl\/wp-content\/uploads\/2023\/07\/5-1024x763.png 1024w, http:\/\/vacuum.com.pl\/wp-content\/uploads\/2023\/07\/5-768x572.png 768w\" sizes=\"auto, (max-width: 1293px) 100vw, 1293px\" \/><\/figure><\/li><li class=\"wp-block-jetpack-slideshow_slide swiper-slide\"><figure><img loading=\"lazy\" decoding=\"async\" width=\"1293\" height=\"963\" alt=\"\" class=\"wp-block-jetpack-slideshow_image wp-image-325\" data-id=\"325\" src=\"https:\/\/vacuum0.files.wordpress.com\/2023\/07\/6.png?w=1024\" srcset=\"http:\/\/vacuum.com.pl\/wp-content\/uploads\/2023\/07\/6.png 1293w, http:\/\/vacuum.com.pl\/wp-content\/uploads\/2023\/07\/6-300x223.png 300w, http:\/\/vacuum.com.pl\/wp-content\/uploads\/2023\/07\/6-1024x763.png 1024w, http:\/\/vacuum.com.pl\/wp-content\/uploads\/2023\/07\/6-768x572.png 768w\" sizes=\"auto, (max-width: 1293px) 100vw, 1293px\" \/><\/figure><\/li><li class=\"wp-block-jetpack-slideshow_slide swiper-slide\"><figure><img loading=\"lazy\" decoding=\"async\" width=\"1349\" height=\"962\" alt=\"\" class=\"wp-block-jetpack-slideshow_image wp-image-326\" data-id=\"326\" src=\"https:\/\/vacuum0.files.wordpress.com\/2023\/07\/7.png?w=1024\" srcset=\"http:\/\/vacuum.com.pl\/wp-content\/uploads\/2023\/07\/7.png 1349w, http:\/\/vacuum.com.pl\/wp-content\/uploads\/2023\/07\/7-300x214.png 300w, http:\/\/vacuum.com.pl\/wp-content\/uploads\/2023\/07\/7-1024x730.png 1024w, http:\/\/vacuum.com.pl\/wp-content\/uploads\/2023\/07\/7-768x548.png 768w\" sizes=\"auto, (max-width: 1349px) 100vw, 1349px\" \/><\/figure><\/li><li class=\"wp-block-jetpack-slideshow_slide swiper-slide\"><figure><img loading=\"lazy\" decoding=\"async\" width=\"1293\" height=\"963\" alt=\"\" class=\"wp-block-jetpack-slideshow_image wp-image-327\" data-id=\"327\" src=\"https:\/\/vacuum0.files.wordpress.com\/2023\/07\/9.png?w=1024\" srcset=\"http:\/\/vacuum.com.pl\/wp-content\/uploads\/2023\/07\/9.png 1293w, http:\/\/vacuum.com.pl\/wp-content\/uploads\/2023\/07\/9-300x223.png 300w, http:\/\/vacuum.com.pl\/wp-content\/uploads\/2023\/07\/9-1024x763.png 1024w, http:\/\/vacuum.com.pl\/wp-content\/uploads\/2023\/07\/9-768x572.png 768w\" sizes=\"auto, (max-width: 1293px) 100vw, 1293px\" \/><\/figure><\/li><\/ul><a class=\"wp-block-jetpack-slideshow_button-prev swiper-button-prev swiper-button-white\" role=\"button\"><\/a><a class=\"wp-block-jetpack-slideshow_button-next swiper-button-next swiper-button-white\" role=\"button\"><\/a><a aria-label=\"Pause Slideshow\" class=\"wp-block-jetpack-slideshow_button-pause\" role=\"button\"><\/a><div class=\"wp-block-jetpack-slideshow_pagination swiper-pagination swiper-pagination-white\"><\/div><\/div><\/div>\n\n<\/div><\/div>\n\n<\/div><\/div>\n\n\n\n<div class=\"wp-block-group alignfull has-contrast-color has-text-color has-link-color wp-elements-91c096ffcd1fbaea728e2c3d62e3c94d\" style=\"padding-top:var(--wp--preset--spacing--30);padding-right:var(--wp--preset--spacing--30);padding-bottom:var(--wp--preset--spacing--30);padding-left:var(--wp--preset--spacing--80)\"><div class=\"wp-block-group__inner-container is-layout-constrained wp-container-core-group-is-layout-97875daf wp-block-group-is-layout-constrained\">\n\n<p>Jeste\u015bmy jedn\u0105 z najpr\u0119\u017cniej rozwijaj\u0105cych si\u0119 firm opakowaniowych w Polsce, dzia\u0142aj\u0105c\u0105 na terenie ca\u0142ego kraju. Nasza oferta jest stale aktualizowana, aby sprosta\u0107 wymaganiom rynkowym i zapewni\u0107 naszym klientom optymaln\u0105 obs\u0142ug\u0119. D\u0105\u017cymy do utrzymania najwy\u017cszej jako\u015bci opakowa\u0144, atrakcyjnych cen, terminowej dostawy i profesjonalnej obs\u0142ugi. Nasze wysi\u0142ki skupiaj\u0105 si\u0119 na ci\u0105g\u0142ym zadowalaniu potrzeb naszych klient\u00f3w, co przyczynia si\u0119 do systematycznego wzrostu naszego grona odbiorc\u00f3w.<\/p>\n\n\n<p>W PPH Vacuum wierzymy, \u017ce opakowania odgrywaj\u0105 kluczow\u0105 rol\u0119 w zabezpieczaniu produkt\u00f3w i budowaniu wizerunku marki. Dlatego oferujemy szeroki wyb\u00f3r wysokiej jako\u015bci rozwi\u0105za\u0144 opakowaniowych, kt\u00f3re spe\u0142niaj\u0105 najwy\u017csze standardy bran\u017cowe. Niezale\u017cnie od tego, czy potrzebujesz specjalistycznych work\u00f3w termokurczliwych, maszyn pakuj\u0105cych czy urz\u0105dze\u0144 do przetw\u00f3rstwa spo\u017cywczego, jeste\u015bmy gotowi dostarczy\u0107 Ci kompleksowe i innowacyjne rozwi\u0105zania.<\/p>\n\n\n<p>Nasi klienci ceni\u0105 nas nie tylko za jako\u015b\u0107 naszych produkt\u00f3w, ale tak\u017ce za nasze konkurencyjne ceny i terminowo\u015b\u0107 dostaw. Wsp\u00f3\u0142praca z nami to gwarancja profesjonalizmu i zaanga\u017cowania w realizacj\u0119 Twoich potrzeb. Dlatego w\u0142a\u015bnie nasze grono odbiorc\u00f3w systematycznie si\u0119 powi\u0119ksza.<\/p>\n\n\n<p>Przejrzyj nasz\u0105 stron\u0119, aby pozna\u0107 nasz\u0105 pe\u0142n\u0105 ofert\u0119 i dowiedzie\u0107 si\u0119 wi\u0119cej o naszych sukcesach oraz realizowanych projektach. Je\u015bli masz jakiekolwiek pytania lub potrzebujesz doradztwa, nasi do\u015bwiadczeni pracownicy s\u0105 gotowi s\u0142u\u017cy\u0107 Ci swoj\u0105 wiedz\u0105 i do\u015bwiadczeniem.<\/p>\n\n\n<p>Dzi\u0119kujemy za odwiedzenie naszej strony i zapraszamy do kontaktu z nami. Jeste\u015bmy gotowi dostarczy\u0107 Ci rozwi\u0105zania opakowaniowe, kt\u00f3re przyczyni\u0105 si\u0119 do sukcesu Twojego biznesu.<\/p>\n\n<\/div><\/div>\n\n\n\n<div class=\"wp-block-group\" style=\"margin-top:0;margin-bottom:0\"><div class=\"wp-block-group__inner-container is-layout-constrained wp-block-group-is-layout-constrained\">\n<div class=\"wp-block-jetpack-slideshow alignwide left: 50px;\" data-autoplay=\"true\" data-delay=\"3\" data-effect=\"slide\"><div class=\"wp-block-jetpack-slideshow_container swiper-container\"><ul class=\"wp-block-jetpack-slideshow_swiper-wrapper swiper-wrapper\"><li class=\"wp-block-jetpack-slideshow_slide swiper-slide\"><figure><img loading=\"lazy\" decoding=\"async\" width=\"1673\" height=\"1035\" alt=\"\" class=\"wp-block-jetpack-slideshow_image wp-image-328\" data-id=\"328\" src=\"https:\/\/vacuum0.files.wordpress.com\/2023\/07\/5-1.png?w=1024\" srcset=\"http:\/\/vacuum.com.pl\/wp-content\/uploads\/2023\/07\/5-1.png 1673w, http:\/\/vacuum.com.pl\/wp-content\/uploads\/2023\/07\/5-1-300x186.png 300w, http:\/\/vacuum.com.pl\/wp-content\/uploads\/2023\/07\/5-1-1024x633.png 1024w, http:\/\/vacuum.com.pl\/wp-content\/uploads\/2023\/07\/5-1-768x475.png 768w, http:\/\/vacuum.com.pl\/wp-content\/uploads\/2023\/07\/5-1-1536x950.png 1536w\" sizes=\"auto, (max-width: 1673px) 100vw, 1673px\" \/><\/figure><\/li><li class=\"wp-block-jetpack-slideshow_slide swiper-slide\"><figure><img loading=\"lazy\" decoding=\"async\" width=\"1440\" height=\"963\" alt=\"\" class=\"wp-block-jetpack-slideshow_image wp-image-329\" data-id=\"329\" src=\"https:\/\/vacuum0.files.wordpress.com\/2023\/07\/12.png?w=1024\" srcset=\"http:\/\/vacuum.com.pl\/wp-content\/uploads\/2023\/07\/12.png 1440w, http:\/\/vacuum.com.pl\/wp-content\/uploads\/2023\/07\/12-300x201.png 300w, http:\/\/vacuum.com.pl\/wp-content\/uploads\/2023\/07\/12-1024x685.png 1024w, http:\/\/vacuum.com.pl\/wp-content\/uploads\/2023\/07\/12-768x514.png 768w\" sizes=\"auto, (max-width: 1440px) 100vw, 1440px\" \/><\/figure><\/li><li class=\"wp-block-jetpack-slideshow_slide swiper-slide\"><figure><img loading=\"lazy\" decoding=\"async\" width=\"1427\" height=\"963\" alt=\"\" class=\"wp-block-jetpack-slideshow_image wp-image-330\" data-id=\"330\" src=\"https:\/\/vacuum0.files.wordpress.com\/2023\/07\/13.png?w=1024\" srcset=\"http:\/\/vacuum.com.pl\/wp-content\/uploads\/2023\/07\/13.png 1427w, http:\/\/vacuum.com.pl\/wp-content\/uploads\/2023\/07\/13-300x202.png 300w, http:\/\/vacuum.com.pl\/wp-content\/uploads\/2023\/07\/13-1024x691.png 1024w, http:\/\/vacuum.com.pl\/wp-content\/uploads\/2023\/07\/13-768x518.png 768w\" sizes=\"auto, (max-width: 1427px) 100vw, 1427px\" \/><\/figure><\/li><li class=\"wp-block-jetpack-slideshow_slide swiper-slide\"><figure><img loading=\"lazy\" decoding=\"async\" width=\"1472\" height=\"963\" alt=\"\" class=\"wp-block-jetpack-slideshow_image wp-image-331\" data-id=\"331\" src=\"https:\/\/vacuum0.files.wordpress.com\/2023\/07\/14.png?w=1024\" srcset=\"http:\/\/vacuum.com.pl\/wp-content\/uploads\/2023\/07\/14.png 1472w, http:\/\/vacuum.com.pl\/wp-content\/uploads\/2023\/07\/14-300x196.png 300w, http:\/\/vacuum.com.pl\/wp-content\/uploads\/2023\/07\/14-1024x670.png 1024w, http:\/\/vacuum.com.pl\/wp-content\/uploads\/2023\/07\/14-768x502.png 768w\" sizes=\"auto, (max-width: 1472px) 100vw, 1472px\" \/><\/figure><\/li><li class=\"wp-block-jetpack-slideshow_slide swiper-slide\"><figure><img loading=\"lazy\" decoding=\"async\" width=\"1536\" height=\"963\" alt=\"\" class=\"wp-block-jetpack-slideshow_image wp-image-332\" data-id=\"332\" src=\"https:\/\/vacuum0.files.wordpress.com\/2023\/07\/16.png?w=1024\" srcset=\"http:\/\/vacuum.com.pl\/wp-content\/uploads\/2023\/07\/16.png 1536w, http:\/\/vacuum.com.pl\/wp-content\/uploads\/2023\/07\/16-300x188.png 300w, http:\/\/vacuum.com.pl\/wp-content\/uploads\/2023\/07\/16-1024x642.png 1024w, http:\/\/vacuum.com.pl\/wp-content\/uploads\/2023\/07\/16-768x482.png 768w\" sizes=\"auto, (max-width: 1536px) 100vw, 1536px\" \/><\/figure><\/li><li class=\"wp-block-jetpack-slideshow_slide swiper-slide\"><figure><img loading=\"lazy\" decoding=\"async\" width=\"581\" height=\"693\" alt=\"\" class=\"wp-block-jetpack-slideshow_image wp-image-333\" data-id=\"333\" src=\"https:\/\/vacuum0.files.wordpress.com\/2023\/07\/ddd.png?w=581\" srcset=\"http:\/\/vacuum.com.pl\/wp-content\/uploads\/2023\/07\/ddd.png 581w, http:\/\/vacuum.com.pl\/wp-content\/uploads\/2023\/07\/ddd-252x300.png 252w\" sizes=\"auto, (max-width: 581px) 100vw, 581px\" \/><\/figure><\/li><\/ul><a class=\"wp-block-jetpack-slideshow_button-prev swiper-button-prev swiper-button-white\" role=\"button\"><\/a><a class=\"wp-block-jetpack-slideshow_button-next swiper-button-next swiper-button-white\" role=\"button\"><\/a><a aria-label=\"Pause Slideshow\" class=\"wp-block-jetpack-slideshow_button-pause\" role=\"button\"><\/a><div class=\"wp-block-jetpack-slideshow_pagination swiper-pagination swiper-pagination-white\"><\/div><\/div><\/div>\n<\/div><\/div>\n","protected":false},"excerpt":{"rendered":"<p>&nbsp; Witamy na stronie g\u0142\u00f3wnej PPH Vacuum! Jeste\u015bmy jedn\u0105 z najpr\u0119\u017cniej rozwijaj\u0105cych si\u0119 firm opakowaniowych w Polsce, dzia\u0142aj\u0105c\u0105 na terenie ca\u0142ego kraju. Nasza oferta jest stale aktualizowana, aby sprosta\u0107 wymaganiom rynkowym i zapewni\u0107 naszym klientom optymaln\u0105 obs\u0142ug\u0119. D\u0105\u017cymy do utrzymania najwy\u017cszej jako\u015bci opakowa\u0144, atrakcyjnych cen, terminowej dostawy i profesjonalnej obs\u0142ugi. Nasze wysi\u0142ki skupiaj\u0105 si\u0119 na&hellip; <a href=\"http:\/\/vacuum.com.pl\/\" class=\"more-link\">Continue reading <span class=\"screen-reader-text\"><\/span><\/a><\/p>\n","protected":false},"author":1,"featured_media":0,"parent":0,"menu_order":0,"comment_status":"closed","ping_status":"closed","template":"header-footer-only","meta":{"footnotes":""},"class_list":["post-15","page","type-page","status-publish","hentry"],"_links":{"self":[{"href":"http:\/\/vacuum.com.pl\/index.php\/wp-json\/wp\/v2\/pages\/15","targetHints":{"allow":["GET"]}}],"collection":[{"href":"http:\/\/vacuum.com.pl\/index.php\/wp-json\/wp\/v2\/pages"}],"about":[{"href":"http:\/\/vacuum.com.pl\/index.php\/wp-json\/wp\/v2\/types\/page"}],"author":[{"embeddable":true,"href":"http:\/\/vacuum.com.pl\/index.php\/wp-json\/wp\/v2\/users\/1"}],"replies":[{"embeddable":true,"href":"http:\/\/vacuum.com.pl\/index.php\/wp-json\/wp\/v2\/comments?post=15"}],"version-history":[{"count":4,"href":"http:\/\/vacuum.com.pl\/index.php\/wp-json\/wp\/v2\/pages\/15\/revisions"}],"predecessor-version":[{"id":453,"href":"http:\/\/vacuum.com.pl\/index.php\/wp-json\/wp\/v2\/pages\/15\/revisions\/453"}],"wp:attachment":[{"href":"http:\/\/vacuum.com.pl\/index.php\/wp-json\/wp\/v2\/media?parent=15"}],"curies":[{"name":"wp","href":"https:\/\/api.w.org\/{rel}","templated":true}]}}