{"id":124,"date":"2023-07-01T22:51:25","date_gmt":"2023-07-01T20:51:25","guid":{"rendered":"https:\/\/vacuum0.wordpress.com\/?page_id=124"},"modified":"2023-07-01T22:51:25","modified_gmt":"2023-07-01T20:51:25","slug":"historia-firmy","status":"publish","type":"page","link":"http:\/\/vacuum.com.pl\/index.php\/historia-firmy\/","title":{"rendered":""},"content":{"rendered":"\n<h2 class=\"wp-block-heading has-white-background-color has-text-color has-background\" style=\"color:#0c1966;margin-top:0;margin-bottom:0;padding:0\"><strong>Historia firmy<\/strong><\/h2>\n\n\n\n<div class=\"wp-block-group alignfull has-contrast-color has-text-color has-link-color wp-elements-321905284375628f74b9e22ab341df9d\" style=\"padding-top:var(--wp--preset--spacing--30);padding-right:var(--wp--preset--spacing--30);padding-bottom:var(--wp--preset--spacing--30);padding-left:var(--wp--preset--spacing--80)\"><div class=\"wp-block-group__inner-container is-layout-constrained wp-container-core-group-is-layout-caf9522d wp-block-group-is-layout-constrained\">\n<p>Firma PPH Vacuum ma swoje korzenie w roku 1990, kiedy to rozpocz\u0119\u0142a swoj\u0105 dzia\u0142alno\u015b\u0107 w Mosinie ko\u0142o Poznania. Od samego pocz\u0105tku naszym celem by\u0142o dostarczanie wysokiej jako\u015bci rozwi\u0105za\u0144 opakowaniowych dla naszych klient\u00f3w. W 1994 roku zdecydowali\u015bmy si\u0119 przenie\u015b\u0107 siedzib\u0119 firmy do Poznania, gdzie znajduje si\u0119 do dnia dzisiejszego.<\/p>\n\n\n\n<p><\/p>\n\n\n\n<p>Jednym z wa\u017cnych moment\u00f3w w naszej historii by\u0142o nawi\u0105zanie wsp\u00f3\u0142pracy z renomowanym koncernem Akerlund &amp; Rausing (dawniej Pakpol S.A. Bia\u0142ystok). Jeste\u015bmy oficjalnym i wy\u0142\u0105cznym przedstawicielem tego koncernu na terenie Wielkopolski. Ta wsp\u00f3\u0142praca pozwoli\u0142a nam poszerzy\u0107 nasz\u0105 ofert\u0119 i zapewni\u0107 klientom dost\u0119p do innowacyjnych i wysokiej jako\u015bci rozwi\u0105za\u0144 opakowaniowych.<\/p>\n\n\n\n<p><\/p>\n\n\n\n<p>W 1997 roku postanowili\u015bmy rozszerzy\u0107 nasz\u0105 ofert\u0119 o maszyny i urz\u0105dzenia pakuj\u0105ce oraz specjalistyczne wyposa\u017cenie zak\u0142ad\u00f3w przetw\u00f3rstwa spo\u017cywczego. Dzi\u0119ki temu mogli\u015bmy jeszcze lepiej obs\u0142u\u017cy\u0107 potrzeby naszych klient\u00f3w, oferuj\u0105c kompleksowe rozwi\u0105zania do pakowania i przetwarzania produkt\u00f3w spo\u017cywczych.<\/p>\n\n\n\n<p><\/p>\n\n\n\n<p>W 1998 roku podpisali\u015bmy oficjaln\u0105 umow\u0119 z polskim oddzia\u0142em koncernu Cryovac na autoryzowan\u0105 dystrybucj\u0119 work\u00f3w termokurczliwych. Ta umowa umo\u017cliwi\u0142a nam poszerzenie naszej oferty o wysokiej jako\u015bci worki termokurczliwe, kt\u00f3re znalaz\u0142y szerokie zastosowanie w r\u00f3\u017cnych bran\u017cach.<\/p>\n\n\n\n<p><\/p>\n\n\n\n<p>Obecnie jeste\u015bmy jedn\u0105 z najszybciej rozwijaj\u0105cych si\u0119 firm opakowaniowych w Polsce, dzia\u0142aj\u0105c\u0105 na terenie ca\u0142ego kraju. Naszym celem jest nieustanne uaktualnianie naszej oferty, aby sprosta\u0107 zmieniaj\u0105cym si\u0119 trendom rynkowym i zapewni\u0107 naszym klientom optymaln\u0105 obs\u0142ug\u0119. D\u0105\u017cymy do utrzymania wysokiej jako\u015bci naszych opakowa\u0144, konkurencyjnych cen, terminowej dostawy i profesjonalnej obs\u0142ugi. To w\u0142a\u015bnie te warto\u015bci s\u0105 naszymi priorytetami, kt\u00f3re przyczyniaj\u0105 si\u0119 do systematycznego wzrostu grona naszych zadowolonych klient\u00f3w.<\/p>\n\n\n\n<p><\/p>\n\n\n\n<p style=\"font-size:1rem\">Jako firma aktywnie uczestniczymy w r\u00f3\u017cnych imprezach targowych, prezentuj\u0105c nasz\u0105 ofert\u0119. W przesz\u0142o\u015bci mieli\u015bmy przyjemno\u015b\u0107 uczestniczy\u0107 mi\u0119dzy innymi w nast\u0119puj\u0105cych imprezach targowych:<\/p>\n\n\n\n<ul class=\"has-small-font-size wp-block-list\">\n<li style=\"font-size:1rem\">Taropak Pozna\u0144, gdzie mieli\u015bmy okazj\u0119 prezentowa\u0107 nasze rozwi\u0105zania we wsp\u00f3\u0142pracy z firm\u0105 Akerlund &amp; Rausing.<\/li>\n\n\n\n<li style=\"font-size:1rem\">Propak W\u00f3lka Kossowska, gdzie mieli\u015bmy okazj\u0119 zaprezentowa\u0107 nasze maszyny i urz\u0105dzenia pakuj\u0105ce.<\/li>\n\n\n\n<li style=\"font-size:1rem\">Polagra Pozna\u0144, gdzie prezentowali\u015bmy nasze rozwi\u0105zania opakowaniowe dla bran\u017cy spo\u017cywczej.<\/li>\n\n\n\n<li style=\"font-size:1rem\">Dzi\u0119ki naszemu do\u015bwiadczeniu i zaanga\u017cowaniu jeste\u015bmy pewni, \u017ce b\u0119dziemy nadal rozwija\u0107 nasz\u0105 firm\u0119 i sprosta\u0107 oczekiwaniom naszych klient\u00f3w.<\/li>\n<\/ul>\n\n\n\n<p>Dzi\u0119ki naszemu do\u015bwiadczeniu i zaanga\u017cowaniu jeste\u015bmy pewni, \u017ce b\u0119dziemy nadal rozwija\u0107 nasz\u0105 firm\u0119 i sprosta\u0107 oczekiwaniom naszych klient\u00f3w.<\/p>\n\n\n\n<p><\/p>\n<\/div><\/div>\n","protected":false},"excerpt":{"rendered":"<p>Historia firmy Firma PPH Vacuum ma swoje korzenie w roku 1990, kiedy to rozpocz\u0119\u0142a swoj\u0105 dzia\u0142alno\u015b\u0107 w Mosinie ko\u0142o Poznania. Od samego pocz\u0105tku naszym celem by\u0142o dostarczanie wysokiej jako\u015bci rozwi\u0105za\u0144 opakowaniowych dla naszych klient\u00f3w. W 1994 roku zdecydowali\u015bmy si\u0119 przenie\u015b\u0107 siedzib\u0119 firmy do Poznania, gdzie znajduje si\u0119 do dnia dzisiejszego. Jednym z wa\u017cnych moment\u00f3w w&hellip; <a href=\"http:\/\/vacuum.com.pl\/index.php\/historia-firmy\/\" class=\"more-link\">Continue reading <span class=\"screen-reader-text\"><\/span><\/a><\/p>\n","protected":false},"author":1,"featured_media":0,"parent":0,"menu_order":0,"comment_status":"closed","ping_status":"closed","template":"","meta":{"footnotes":""},"class_list":["post-124","page","type-page","status-publish","hentry"],"_links":{"self":[{"href":"http:\/\/vacuum.com.pl\/index.php\/wp-json\/wp\/v2\/pages\/124","targetHints":{"allow":["GET"]}}],"collection":[{"href":"http:\/\/vacuum.com.pl\/index.php\/wp-json\/wp\/v2\/pages"}],"about":[{"href":"http:\/\/vacuum.com.pl\/index.php\/wp-json\/wp\/v2\/types\/page"}],"author":[{"embeddable":true,"href":"http:\/\/vacuum.com.pl\/index.php\/wp-json\/wp\/v2\/users\/1"}],"replies":[{"embeddable":true,"href":"http:\/\/vacuum.com.pl\/index.php\/wp-json\/wp\/v2\/comments?post=124"}],"version-history":[{"count":0,"href":"http:\/\/vacuum.com.pl\/index.php\/wp-json\/wp\/v2\/pages\/124\/revisions"}],"wp:attachment":[{"href":"http:\/\/vacuum.com.pl\/index.php\/wp-json\/wp\/v2\/media?parent=124"}],"curies":[{"name":"wp","href":"https:\/\/api.w.org\/{rel}","templated":true}]}}